{"id":6508,"date":"2022-10-07T10:59:17","date_gmt":"2022-10-07T08:59:17","guid":{"rendered":"https:\/\/mentesutakon.hu\/?post_type=product&#038;p=6508"},"modified":"2022-12-03T21:58:00","modified_gmt":"2022-12-03T20:58:00","slug":"mentes-utakon-unnepi-receptfuzet-e-book","status":"publish","type":"product","link":"https:\/\/mentesutakon.hu\/en\/product\/mentes-utakon-unnepi-receptfuzet-e-book\/","title":{"rendered":"Mentes Utakon \u00dcnnepi Receptf\u00fczet (e-book)"},"content":{"rendered":"<p><strong>AJ\u00c1NL\u00c1SOK<\/strong><\/p>\n<p><strong>HUSZ\u00c1R ZSUZSANNA<\/strong><\/p>\n<p>mikrobiom specialista, veg\u00e1n t\u00e1pl\u00e1lkoz\u00e1si tan\u00e1csad\u00f3 | <a href=\"https:\/\/www.etrendezo.info\/\" target=\"_blank\" rel=\"noreferrer noopener\">www.etrendezo.info<\/a><\/p>\n<p><em>Mindig nagy \u00f6r\u00f6mmel l\u00e1tom, ha valaki saj\u00e1t kez\u00e9be veszi az eg\u00e9szs\u00e9g\u00e9t: elm\u00e9ly\u00fcl a t\u00e1pl\u00e1lkoz\u00e1studom\u00e1nyban, keresi a megold\u00e1sokat, \u00e9s azt\u00e1n szem\u00e9lyre szabja azokat. Ha pedig mindennek az eredm\u00e9ny\u00e9t k\u00e9sz megosztani m\u00e1sokkal, az csak a hab a (mentes) tort\u00e1n. Mindenkinek aj\u00e1nlom Bernadett receptjeit, mert nemcsak fant\u00e1ziad\u00fasak, de m\u00f6g\u00f6tt\u00fck \u00e1ll a magas fok\u00fa t\u00e1pl\u00e1lkoz\u00e1si tud\u00e1s \u00e9s elhivatotts\u00e1g, amellyel l\u00e9trehozta \u0151ket.<\/em><\/p>\n<p><strong>GELENCS\u00c9R HAJNALKA<\/strong><\/p>\n<p>funkcion\u00e1lis t\u00e1pl\u00e1lkoz\u00e1si szak\u00e9rt\u0151 | <a href=\"https:\/\/gelencserhajni.hu\/\" target=\"_blank\" rel=\"noreferrer noopener\">www.gelencserhajni.hu<\/a><\/p>\n<p><em>Detti receptjei gondosan v\u00e1logatott hozz\u00e1val\u00f3kb\u00f3l k\u00e9sz\u00fcltek \u00e9s alaposan kidolgozottak, amelyeket t\u00f6bbsz\u00f6r elk\u00e9sz\u00edtett \u00e9s finomhangolt annak \u00e9rdek\u00e9ben, hogy min\u00e9l t\u00f6k\u00e9letesebb legyen az \u00f6sszet\u00e9tel \u00e9s az \u00e1llag is. Nagy seg\u00edts\u00e9get ny\u00fajtanak mindazoknak, akik \u00e9tel\u00e9rz\u00e9kenys\u00e9ggel k\u00fczdenek, legyen az hisztamin-, lakt\u00f3z-, tejfeh\u00e9rje-, glut\u00e9n\u00e9rz\u00e9kenys\u00e9g, vagy sok m\u00e1s. Az \u00fcnnepi id\u0151szak k\u00fcl\u00f6n\u00f6sen neh\u00e9z lehet az \u00e9tel\u00e9rz\u00e9kenyek sz\u00e1m\u00e1ra, \u00e1m ezekkel a fantasztikus receptekkel senkinek sem kell lemondania a finom falatokr\u00f3l! A receptek mindenf\u00e9le allerg\u00e9nt\u0151l \u00e9s adal\u00e9kanyagt\u00f3l mentesek, hiszen az eg\u00e9szs\u00e9g\u00fcnk az els\u0151, vigy\u00e1zzunk r\u00e1!<\/em><\/p>\n<p><strong>TAN\u00c1CS ATTILA<\/strong><\/p>\n<p>mesterszak\u00e1cs, fejleszt\u0151s\u00e9f | <a href=\"https:\/\/mindenmentesfozosuli.hu\/\" target=\"_blank\" rel=\"noreferrer noopener\">www.mindenmentesfozosuli.hu<\/a><\/p>\n<p><em>Kedves Olvas\u00f3! Szeretettel aj\u00e1nlom figyelmetekbe nem csak a recepteket, de Detti j\u00f6v\u0151beli munk\u00e1ss\u00e1g\u00e1t is. Oktat\u00e1ssal foglalkoz\u00f3 szakemberk\u00e9nt, tudom, hogy a tud\u00e1s hatalom, de ha az j\u00f3 kezekben van, \u00f3ri\u00e1si \u00e9rt\u00e9kk\u00e9 v\u00e1lhat. Detti munk\u00e1j\u00e1t n\u00e9zve \u00e9pp ennek lehet\u00fcnk tan\u00fai. Egy fiatal h\u00f6lgy c\u00e9ltudatos t\u00f6rekv\u00e9se, egy csod\u00e1latos c\u00e9l \u00e9rdek\u00e9ben. Kell enn\u00e9l t\u00f6bb? Gondolatai, elsz\u00e1nts\u00e1ga, \u00e9s ahogy mindezt teszi, p\u00e9lda\u00e9rt\u00e9k\u0171. Egyre t\u00f6bben vagyunk, akik tudjuk, hogy ebben a harcban minden apr\u00f3 l\u00e9p\u00e9s sz\u00e1m\u00edt! K\u00f6sz\u00f6n\u00f6m, hogy kis f\u00fczetben megosztod tud\u00e1sod, tapasztalatod, seg\u00edtve ezzel mindennapjainkat.<\/em><\/p>\n<p>&nbsp;<\/p>","protected":false},"excerpt":{"rendered":"<p>Minden f\u0151 allerg\u00e9nt\u0151l mentes, hisztaminszeg\u00e9ny finoms\u00e1gok az eg\u00e9sz csal\u00e1dnak!<\/p>\n<p>Sok \u00e9tel\u00e9rz\u00e9kenynek sz\u00f3lnak az \u00fcnnepek a \u201erendes\u201d \u00e9telek, desszertek ut\u00e1ni s\u00f3v\u00e1rg\u00e1sr\u00f3l, a furcsa vagy sajn\u00e1lkoz\u00f3 pillant\u00e1sokr\u00f3l a mentes fog\u00e1sok l\u00e1tt\u00e1n\u2026 Szeretn\u00e9m megmutatni, hogy ennek nem kell \u00edgy lennie! \ud83d\ude0a A mindenmentes n\u00e1lam ezt jelenti: minden glut\u00e9n-, toj\u00e1s-, tej-, sz\u00f3ja-, \u00e9leszt\u0151-, krist\u00e1lycukor-, kukorica-, olajos mag- \u00e9s napraforg\u00f3olaj mentes, hisztaminszeg\u00e9ny, s\u0151t n\u00e9h\u00e1ny f\u0151\u00e9telen k\u00edv\u00fcl minden recept veg\u00e1n is. Elk\u00e9sz\u00edt\u00e9s\u00fck semmilyen komoly konyhai tud\u00e1st vagy speci\u00e1lis eszk\u00f6zt nem ig\u00e9nyel, \u00e9s csak term\u00e9szetes, el\u00e9rhet\u0151 hozz\u00e1val\u00f3kkal dolgozom. Fontos szempont volt, hogy olyan \u00e1llagot \u00e9s \u00edzvil\u00e1got \u00e9rjek el, hogy ezekkel a fog\u00e1sokkal b\u00e1tran k\u00edn\u00e1lhass\u00e1tok a nem mentesen \u00e9tkez\u0151 csal\u00e1dtagjaitokat, bar\u00e1taitokat is. A kiadv\u00e1nyban 2 leves, 4 f\u0151\u00e9tel, 2 s\u00f3s vend\u00e9gv\u00e1r\u00f3 \u00e9s 4 desszert tal\u00e1lhat\u00f3, ezen fel\u00fcl pedig sz\u00e1mos tippet is tartalmaz!<\/p>","protected":false},"featured_media":6509,"template":"","meta":[],"product_brand":[],"product_cat":[75],"product_tag":[],"class_list":{"0":"post-6508","1":"product","2":"type-product","3":"status-publish","4":"has-post-thumbnail","6":"product_cat-receptes-e-book","8":"first","9":"instock","10":"sale","11":"downloadable","12":"virtual","13":"taxable","14":"purchasable","15":"product-type-simple"},"_links":{"self":[{"href":"https:\/\/mentesutakon.hu\/en\/wp-json\/wp\/v2\/product\/6508","targetHints":{"allow":["GET"]}}],"collection":[{"href":"https:\/\/mentesutakon.hu\/en\/wp-json\/wp\/v2\/product"}],"about":[{"href":"https:\/\/mentesutakon.hu\/en\/wp-json\/wp\/v2\/types\/product"}],"wp:featuredmedia":[{"embeddable":true,"href":"https:\/\/mentesutakon.hu\/en\/wp-json\/wp\/v2\/media\/6509"}],"wp:attachment":[{"href":"https:\/\/mentesutakon.hu\/en\/wp-json\/wp\/v2\/media?parent=6508"}],"wp:term":[{"taxonomy":"product_brand","embeddable":true,"href":"https:\/\/mentesutakon.hu\/en\/wp-json\/wp\/v2\/product_brand?post=6508"},{"taxonomy":"product_cat","embeddable":true,"href":"https:\/\/mentesutakon.hu\/en\/wp-json\/wp\/v2\/product_cat?post=6508"},{"taxonomy":"product_tag","embeddable":true,"href":"https:\/\/mentesutakon.hu\/en\/wp-json\/wp\/v2\/product_tag?post=6508"}],"curies":[{"name":"wp","href":"https:\/\/api.w.org\/{rel}","templated":true}]}}