{"id":6504,"date":"2022-10-07T10:56:48","date_gmt":"2022-10-07T08:56:48","guid":{"rendered":"https:\/\/mentesutakon.hu\/?post_type=product&#038;p=6504"},"modified":"2025-05-12T10:16:45","modified_gmt":"2025-05-12T08:16:45","slug":"hisztaminkalauz-receptek-e-book","status":"publish","type":"product","link":"https:\/\/mentesutakon.hu\/en\/product\/hisztaminkalauz-receptek-e-book\/","title":{"rendered":"Hisztaminkalauz receptek (e-book)"},"content":{"rendered":"<p>Receptjeim mind glut\u00e9n-, toj\u00e1s-, tej-, sz\u00f3ja-, \u00e9leszt\u0151-, krist\u00e1lycukor-, kukorica- \u00e9s napraforg\u00f3olaj mentesek, hisztaminszeg\u00e9nyek, s\u0151t t\u00falnyom\u00f3 t\u00f6bbs\u00e9g\u00fck veg\u00e1n is. Elk\u00e9sz\u00edt\u00e9s\u00fck semmilyen komoly konyhai tud\u00e1st vagy speci\u00e1lis eszk\u00f6zt nem ig\u00e9nyel, \u00e9s csak term\u00e9szetes, el\u00e9rhet\u0151 hozz\u00e1val\u00f3kkal dolgozom. Szok\u00e1sos m\u00f3don fontos szempont volt, hogy olyan \u00e1llagot \u00e9s \u00edzvil\u00e1got \u00e9rjek el, hogy ezekkel a fog\u00e1sokkal b\u00e1tran k\u00edn\u00e1lhass\u00e1tok a nem mentesen \u00e9tkez\u0151 csal\u00e1dtagjaitokat, bar\u00e1taitokat is. A kiadv\u00e1nyban 7 reggeli\/vacsora, 4 leves, 6 f\u0151\u00e9tel \u00e9s 5 szupergyors uzsonna \u00f6tlet tal\u00e1lhat\u00f3, ezen fel\u00fcl pedig sz\u00e1mos tippet is tartalmaz!<\/p>\n<p>Tov\u00e1bbi inform\u00e1ci\u00f3k\u00e9rt <a href=\"https:\/\/mentesutakon.hu\/en\/hisztaminkalauz-receptek-mentes-utakon-dettitol\/\">KATTINTS IDE!<\/a><\/p>","protected":false},"excerpt":{"rendered":"<p>Inspir\u00e1ci\u00f3 a v\u00e1ltozatos, t\u00e1panyagd\u00fas hisztaminszeg\u00e9ny \u00e9trendhez.<\/p>\n<p>A <a href=\"https:\/\/hisztamin.info\/hisztaminkalauz\/\">Hisztaminkalauzhoz<\/a> k\u00e9sz\u00fclt <a href=\"https:\/\/mentesutakon.hu\/en\/\">Mentes Utakon<\/a> receptes kiadv\u00e1ny m\u00e1r k\u00fcl\u00f6n is megv\u00e1s\u00e1rolhat\u00f3 let\u00f6lthet\u0151 e-book form\u00e1j\u00e1ban! Sz\u00edvb\u0151l aj\u00e1nlom minden \u00e9tel\u00e9rz\u00e9kenynek, kezd\u0151 \u00e9s halad\u00f3 hisztamindi\u00e9t\u00e1z\u00f3knak egyar\u00e1nt, akinek j\u00f3l j\u00f6nne egy kis inspir\u00e1ci\u00f3 a v\u00e1ltozatos, t\u00e1panyagd\u00fas t\u00e1pl\u00e1lkoz\u00e1shoz!<\/p>","protected":false},"featured_media":6506,"template":"","meta":[],"product_brand":[],"product_cat":[75],"product_tag":[],"class_list":{"0":"post-6504","1":"product","2":"type-product","3":"status-publish","4":"has-post-thumbnail","6":"product_cat-receptes-e-book","8":"first","9":"instock","10":"downloadable","11":"virtual","12":"taxable","13":"purchasable","14":"product-type-simple"},"_links":{"self":[{"href":"https:\/\/mentesutakon.hu\/en\/wp-json\/wp\/v2\/product\/6504","targetHints":{"allow":["GET"]}}],"collection":[{"href":"https:\/\/mentesutakon.hu\/en\/wp-json\/wp\/v2\/product"}],"about":[{"href":"https:\/\/mentesutakon.hu\/en\/wp-json\/wp\/v2\/types\/product"}],"wp:featuredmedia":[{"embeddable":true,"href":"https:\/\/mentesutakon.hu\/en\/wp-json\/wp\/v2\/media\/6506"}],"wp:attachment":[{"href":"https:\/\/mentesutakon.hu\/en\/wp-json\/wp\/v2\/media?parent=6504"}],"wp:term":[{"taxonomy":"product_brand","embeddable":true,"href":"https:\/\/mentesutakon.hu\/en\/wp-json\/wp\/v2\/product_brand?post=6504"},{"taxonomy":"product_cat","embeddable":true,"href":"https:\/\/mentesutakon.hu\/en\/wp-json\/wp\/v2\/product_cat?post=6504"},{"taxonomy":"product_tag","embeddable":true,"href":"https:\/\/mentesutakon.hu\/en\/wp-json\/wp\/v2\/product_tag?post=6504"}],"curies":[{"name":"wp","href":"https:\/\/api.w.org\/{rel}","templated":true}]}}